{"id":421,"date":"2021-10-20T15:57:13","date_gmt":"2021-10-20T13:57:13","guid":{"rendered":"https:\/\/energyport-rostock.de\/datenschutz-2\/"},"modified":"2025-05-21T15:47:37","modified_gmt":"2025-05-21T13:47:37","slug":"site-notice","status":"publish","type":"page","link":"https:\/\/energyport-rostock.de\/en\/site-notice\/","title":{"rendered":"Site Notice"},"content":{"rendered":"<div class=\"wpb-content-wrapper\">[vc_row full_width=&#8221;stretch_row&#8221; content_placement=&#8221;middle&#8221; equal_height=&#8221;yes&#8221; wpex_bg_overlay=&#8221;color&#8221; wpex_bg_overlay_color=&#8221;#81d742&#8243; wpex_bg_overlay_opacity=&#8221;0.7&#8243; css=&#8221;.vc_custom_1631780236576{background-image: url(https:\/\/energyport-rostock.de\/wp-content\/uploads\/2021\/09\/2021-09-14_RostockPort_HDRimg.jpg?id=121) !important;background-position: center !important;background-repeat: no-repeat !important;background-size: cover !important;}&#8221; min_height=&#8221;50vh&#8221; el_id=&#8221;first-section&#8221;][vc_column width=&#8221;1\/2&#8243; el_id=&#8221;HeadingMain&#8221;]<h1 class=\"vcex-heading vcex-heading-plain vcex-module wpex-heading wpex-text-2xl\"><span class=\"vcex-heading-inner wpex-inline-block\">Site Notice<\/span><\/h1>[\/vc_column][vc_column width=&#8221;1\/2&#8243; offset=&#8221;vc_col-lg-6 vc_col-md-12 vc_col-xs-12&#8243;][\/vc_column][\/vc_row][vc_row el_class=&#8221;set_padding5emTB&#8221;][vc_column width=&#8221;1\/2&#8243;][vc_column_text css=&#8221;&#8221;]\n<h2>Information pursuant to Sect. 5 German Telemedia Act (TMG)<\/h2>\n<p>rostock EnergyPort cooperation GmbH<br \/>\nAm K\u00fchlturm 1<br \/>\n18147 Rostock<\/p>\n<p>Commercial Register: HRB 15890<br \/>\nRegistration court: Amtsgericht Rostock<\/p>\n<p><strong>Represented by:<\/strong><br \/>\nHerr Michael Wurzel<br \/>\nHerr Christian B\u00f6ttcher<\/p>\n<h2>Contact<\/h2>\n<p>Phone Michael Wurzel:\u00a0 \u00a0 \u00a0 +49 (0) 711 289 893 75<br \/>\nPhone Christian B\u00f6ttcher: +49 (0) 174 6411 455<br \/>\nE-Mail: info@energyport-rostock.de<\/p>\n<h2>VAT ID<\/h2>\n<p>Sales tax identification number according to Sect. 27 a of the Sales Tax Law:<br \/>\nDE 354220455<\/p>\n<h2>EU dispute resolution<\/h2>\n<p>The European Commission provides a platform for online dispute resolution (ODR): <a href=\"https:\/\/ec.europa.eu\/consumers\/odr\/\" target=\"_blank\" rel=\"noopener noreferrer\">https:\/\/ec.europa.eu\/consumers\/odr\/<\/a>. Our e-mail address can be found above in the site notice.<br \/>\nOur e-mail address can be found above in the site notice.<\/p>\n<h2>Dispute resolution proceedings in front of a consumer arbitration board<\/h2>\n<p>We are not willing or obliged to participate in dispute resolution proceedings in front of a consumer arbitration board.[\/vc_column_text][\/vc_column][vc_column width=&#8221;1\/2&#8243;]<h2 class=\"vcex-heading vcex-heading-plain vcex-module wpex-heading wpex-text-2xl\"><span class=\"vcex-heading-inner wpex-inline-block\">Design and implementation<\/span><\/h2><style>.vcex-image.vcex_69e5bd5ad63bc .vcex-image-inner{max-width:200px;}<\/style><figure class=\"vcex-image vcex-module vcex_69e5bd5ad63bc\"><div class=\"vcex-image-inner wpex-relative wpex-inline-block vc_custom_1634733811806\"><a href=\"https:\/\/pxmedia.de\" target=\"_blank\" rel=\"noopener noreferrer\"><img width=\"1426\" height=\"340\" src=\"https:\/\/energyport-rostock.de\/wp-content\/uploads\/2021\/10\/Logo_schwarz_pxmedia.png\" class=\"vcex-image-img wpex-align-middle\" alt=\"pxMEDIA Logo Werbeagentur Agentur Webdesign Print\" loading=\"lazy\" decoding=\"async\" srcset=\"https:\/\/energyport-rostock.de\/wp-content\/uploads\/2021\/10\/Logo_schwarz_pxmedia.png 1426w, https:\/\/energyport-rostock.de\/wp-content\/uploads\/2021\/10\/Logo_schwarz_pxmedia-300x72.png 300w, https:\/\/energyport-rostock.de\/wp-content\/uploads\/2021\/10\/Logo_schwarz_pxmedia-1024x244.png 1024w, https:\/\/energyport-rostock.de\/wp-content\/uploads\/2021\/10\/Logo_schwarz_pxmedia-768x183.png 768w\" sizes=\"auto, (max-width: 1426px) 100vw, 1426px\" \/><\/a><\/div><\/figure>[vc_column_text]<strong>pxmedia.de Werbeagentur<\/strong><br \/>\nTannenweg 22m<br \/>\n18059 Rostock<br \/>\n(im Speicher 1)<br \/>\nPhone: <a href=\"tel:+4938133700470\">0381 33 700 470<\/a><br \/>\nE-Mail: <a href=\"mailto:kontakt@pxmedia.de?subject=Netzmiete\">kontakt@pxmedia.de<\/a>[\/vc_column_text][\/vc_column][\/vc_row][vc_row css=&#8221;.vc_custom_1632141849893{margin-top: 2em !important;}&#8221;][vc_column]<style>.vcex-heading.vcex_69e5bd5ada864{font-size:3em;}<\/style><h2 class=\"vcex-heading vcex-heading-plain vcex-module wpex-heading wpex-text-2xl vcex_69e5bd5ada864\"><span class=\"vcex-heading-inner wpex-inline-block\">Haftungsausschluss<\/span><\/h2>[\/vc_column][\/vc_row][vc_row css=&#8221;.vc_custom_1632141790449{margin-bottom: 5em !important;}&#8221;][vc_column width=&#8221;1\/2&#8243;]<h2 class=\"vcex-heading vcex-heading-plain vcex-module wpex-heading wpex-text-2xl\"><span class=\"vcex-heading-inner wpex-inline-block\">Haftung f\u00fcr <strong>Inhalte<\/strong><\/span><\/h2>[vc_column_text]Als Diensteanbieter sind wir gem\u00e4\u00df \u00a7 7 Abs.1 TMG f\u00fcr eigene Inhalte auf diesen Seiten nach den allgemeinen Gesetzen verantwortlich. Nach \u00a7\u00a7 8 bis 10 TMG sind wir als Diensteanbieter jedoch nicht verpflichtet, \u00fcbermittelte oder gespeicherte fremde Informationen zu \u00fcberwachen oder nach Umst\u00e4nden zu forschen, die auf eine rechtswidrige T\u00e4tigkeit hinweisen. Verpflichtungen zur Entfernung oder Sperrung der Nutzung von Informationen nach den allgemeinen Gesetzen bleiben hiervon unber\u00fchrt. Eine diesbez\u00fcgliche Haftung ist jedoch erst ab dem Zeitpunkt der Kenntnis einer konkreten Rechtsverletzung m\u00f6glich. Bei Bekanntwerden von entsprechenden Rechtsverletzungen werden wir diese Inhalte umgehend entfernen.[\/vc_column_text]<h2 class=\"vcex-heading vcex-heading-plain vcex-module wpex-heading wpex-text-2xl vc_custom_1632141386646\"><span class=\"vcex-heading-inner wpex-inline-block\"><strong>Urheberrecht<\/strong><\/span><\/h2>[vc_column_text]Die durch die Seitenbetreiber erstellten Inhalte und Werke auf diesen Seiten unterliegen dem deutschen Urheberrecht. Die Vervielf\u00e4ltigung, Bearbeitung, Verbreitung und jede Art der Verwertung au\u00dferhalb der Grenzen des Urheberrechtes bed\u00fcrfen der schriftlichen Zustimmung des jeweiligen Autors bzw. Erstellers. Downloads und Kopien dieser Seite sind nur f\u00fcr den privaten, nicht kommerziellen Gebrauch gestattet. Soweit die Inhalte auf dieser Seite nicht vom Betreiber erstellt wurden, werden die Urheberrechte Dritter beachtet. Insbesondere werden Inhalte Dritter als solche gekennzeichnet. Sollten Sie trotzdem auf eine Urheberrechtsverletzung aufmerksam werden, bitten wir um einen entsprechenden Hinweis. Bei Bekanntwerden von Rechtsverletzungen werden wir derartige Inhalte umgehend entfernen.[\/vc_column_text][\/vc_column][vc_column width=&#8221;1\/2&#8243; el_class=&#8221;frc_paddingLeft3em&#8221;]<h2 class=\"vcex-heading vcex-heading-plain vcex-module wpex-heading wpex-text-2xl\"><span class=\"vcex-heading-inner wpex-inline-block\">Haftung f\u00fcr <strong>Links<\/strong><\/span><\/h2>[vc_column_text]Unser Angebot enth\u00e4lt Links zu externen Webseiten Dritter, auf deren Inhalte wir keinen Einfluss haben. Deshalb k\u00f6nnen wir f\u00fcr diese fremden Inhalte auch keine Gew\u00e4hr \u00fcbernehmen. F\u00fcr die Inhalte der verlinkten Seiten ist stets der jeweilige Anbieter oder Betreiber der Seiten verantwortlich. Die verlinkten Seiten wurden zum Zeitpunkt der Verlinkung auf m\u00f6gliche Rechtsverst\u00f6\u00dfe \u00fcberpr\u00fcft. Rechtswidrige Inhalte waren zum Zeitpunkt der Verlinkung nicht erkennbar. Eine permanente inhaltliche Kontrolle der verlinkten Seiten ist jedoch ohne konkrete Anhaltspunkte einer Rechtsverletzung nicht zumutbar. Bei Bekanntwerden von Rechtsverletzungen werden wir derartige Links umgehend entfernen.[\/vc_column_text][\/vc_column][\/vc_row]\n<\/div>","protected":false},"excerpt":{"rendered":"<p>[vc_row full_width=&#8221;stretch_row&#8221; content_placement=&#8221;middle&#8221; equal_height=&#8221;yes&#8221; wpex_bg_overlay=&#8221;color&#8221; wpex_bg_overlay_color=&#8221;#81d742&#8243; wpex_bg_overlay_opacity=&#8221;0.7&#8243; css=&#8221;.vc_custom_1631780236576{background-image: url(https:\/\/energyport-rostock.de\/wp-content\/uploads\/2021\/09\/2021-09-14_RostockPort_HDRimg.jpg?id=121) !important;background-position: center !important;background-repeat: no-repeat !important;background-size: cover !important;}&#8221; min_height=&#8221;50vh&#8221; el_id=&#8221;first-section&#8221;][vc_column width=&#8221;1\/2&#8243; el_id=&#8221;HeadingMain&#8221;][\/vc_column][vc_column width=&#8221;1\/2&#8243; offset=&#8221;vc_col-lg-6 vc_col-md-12 vc_col-xs-12&#8243;][\/vc_column][\/vc_row][vc_row el_class=&#8221;set_padding5emTB&#8221;][vc_column width=&#8221;1\/2&#8243;][vc_column_text css=&#8221;&#8221;] Information pursuant to Sect. 5 German Telemedia Act (TMG) rostock EnergyPort cooperation GmbH Am K\u00fchlturm 1 18147 Rostock Commercial Register: HRB 15890 Registration court: Amtsgericht Rostock Represented by:&hellip;<\/p>\n","protected":false},"author":1,"featured_media":0,"parent":0,"menu_order":0,"comment_status":"closed","ping_status":"closed","template":"","meta":{"footnotes":""},"class_list":["post-421","page","type-page","status-publish","hentry","entry","no-media"],"yoast_head":"<!-- This site is optimized with the Yoast SEO plugin v27.4 - https:\/\/yoast.com\/product\/yoast-seo-wordpress\/ -->\n<title>Site Notice - HyTechHafen Rostock<\/title>\n<meta name=\"robots\" content=\"index, follow, max-snippet:-1, max-image-preview:large, max-video-preview:-1\" \/>\n<link rel=\"canonical\" href=\"https:\/\/energyport-rostock.de\/en\/site-notice\/\" \/>\n<meta property=\"og:locale\" content=\"en_US\" \/>\n<meta property=\"og:type\" content=\"article\" \/>\n<meta property=\"og:title\" content=\"Site Notice - HyTechHafen Rostock\" \/>\n<meta property=\"og:description\" content=\"[vc_row full_width=&#8221;stretch_row&#8221; content_placement=&#8221;middle&#8221; equal_height=&#8221;yes&#8221; wpex_bg_overlay=&#8221;color&#8221; wpex_bg_overlay_color=&#8221;#81d742&#8243; wpex_bg_overlay_opacity=&#8221;0.7&#8243; css=&#8221;.vc_custom_1631780236576{background-image: url(https:\/\/energyport-rostock.de\/wp-content\/uploads\/2021\/09\/2021-09-14_RostockPort_HDRimg.jpg?id=121) !important;background-position: center !important;background-repeat: no-repeat !important;background-size: cover !important;}&#8221; min_height=&#8221;50vh&#8221; el_id=&#8221;first-section&#8221;][vc_column width=&#8221;1\/2&#8243; el_id=&#8221;HeadingMain&#8221;][\/vc_column][vc_column width=&#8221;1\/2&#8243; offset=&#8221;vc_col-lg-6 vc_col-md-12 vc_col-xs-12&#8243;][\/vc_column][\/vc_row][vc_row el_class=&#8221;set_padding5emTB&#8221;][vc_column width=&#8221;1\/2&#8243;][vc_column_text css=&#8221;&#8221;] Information pursuant to Sect. 5 German Telemedia Act (TMG) rostock EnergyPort cooperation GmbH Am K\u00fchlturm 1 18147 Rostock Commercial Register: HRB 15890 Registration court: Amtsgericht Rostock Represented by:&hellip;\" \/>\n<meta property=\"og:url\" content=\"https:\/\/energyport-rostock.de\/en\/site-notice\/\" \/>\n<meta property=\"og:site_name\" content=\"HyTechHafen Rostock\" \/>\n<meta property=\"article:modified_time\" content=\"2025-05-21T13:47:37+00:00\" \/>\n<meta name=\"twitter:card\" content=\"summary_large_image\" \/>\n<meta name=\"twitter:label1\" content=\"Est. reading time\" \/>\n\t<meta name=\"twitter:data1\" content=\"4 minutes\" \/>\n<script type=\"application\/ld+json\" class=\"yoast-schema-graph\">{\"@context\":\"https:\\\/\\\/schema.org\",\"@graph\":[{\"@type\":\"WebPage\",\"@id\":\"https:\\\/\\\/energyport-rostock.de\\\/en\\\/site-notice\\\/\",\"url\":\"https:\\\/\\\/energyport-rostock.de\\\/en\\\/site-notice\\\/\",\"name\":\"Site Notice - HyTechHafen Rostock\",\"isPartOf\":{\"@id\":\"https:\\\/\\\/energyport-rostock.de\\\/#website\"},\"datePublished\":\"2021-10-20T13:57:13+00:00\",\"dateModified\":\"2025-05-21T13:47:37+00:00\",\"breadcrumb\":{\"@id\":\"https:\\\/\\\/energyport-rostock.de\\\/en\\\/site-notice\\\/#breadcrumb\"},\"inLanguage\":\"en-US\",\"potentialAction\":[{\"@type\":\"ReadAction\",\"target\":[\"https:\\\/\\\/energyport-rostock.de\\\/en\\\/site-notice\\\/\"]}]},{\"@type\":\"BreadcrumbList\",\"@id\":\"https:\\\/\\\/energyport-rostock.de\\\/en\\\/site-notice\\\/#breadcrumb\",\"itemListElement\":[{\"@type\":\"ListItem\",\"position\":1,\"name\":\"Home\",\"item\":\"https:\\\/\\\/energyport-rostock.de\\\/en\\\/\"},{\"@type\":\"ListItem\",\"position\":2,\"name\":\"Site Notice\"}]},{\"@type\":\"WebSite\",\"@id\":\"https:\\\/\\\/energyport-rostock.de\\\/#website\",\"url\":\"https:\\\/\\\/energyport-rostock.de\\\/\",\"name\":\"HyTechHafen Rostock\",\"description\":\"Eine weitere WordPress-Website\",\"publisher\":{\"@id\":\"https:\\\/\\\/energyport-rostock.de\\\/#organization\"},\"potentialAction\":[{\"@type\":\"SearchAction\",\"target\":{\"@type\":\"EntryPoint\",\"urlTemplate\":\"https:\\\/\\\/energyport-rostock.de\\\/?s={search_term_string}\"},\"query-input\":{\"@type\":\"PropertyValueSpecification\",\"valueRequired\":true,\"valueName\":\"search_term_string\"}}],\"inLanguage\":\"en-US\"},{\"@type\":\"Organization\",\"@id\":\"https:\\\/\\\/energyport-rostock.de\\\/#organization\",\"name\":\"HyTechHafen Rostock\",\"url\":\"https:\\\/\\\/energyport-rostock.de\\\/\",\"logo\":{\"@type\":\"ImageObject\",\"inLanguage\":\"en-US\",\"@id\":\"https:\\\/\\\/energyport-rostock.de\\\/#\\\/schema\\\/logo\\\/image\\\/\",\"url\":\"https:\\\/\\\/energyport-rostock.de\\\/wp-content\\\/uploads\\\/2021\\\/09\\\/2021-09-20_RostockPort_Logo2-1.png\",\"contentUrl\":\"https:\\\/\\\/energyport-rostock.de\\\/wp-content\\\/uploads\\\/2021\\\/09\\\/2021-09-20_RostockPort_Logo2-1.png\",\"width\":600,\"height\":330,\"caption\":\"HyTechHafen Rostock\"},\"image\":{\"@id\":\"https:\\\/\\\/energyport-rostock.de\\\/#\\\/schema\\\/logo\\\/image\\\/\"}}]}<\/script>\n<!-- \/ Yoast SEO plugin. -->","yoast_head_json":{"title":"Site Notice - HyTechHafen Rostock","robots":{"index":"index","follow":"follow","max-snippet":"max-snippet:-1","max-image-preview":"max-image-preview:large","max-video-preview":"max-video-preview:-1"},"canonical":"https:\/\/energyport-rostock.de\/en\/site-notice\/","og_locale":"en_US","og_type":"article","og_title":"Site Notice - HyTechHafen Rostock","og_description":"[vc_row full_width=&#8221;stretch_row&#8221; content_placement=&#8221;middle&#8221; equal_height=&#8221;yes&#8221; wpex_bg_overlay=&#8221;color&#8221; wpex_bg_overlay_color=&#8221;#81d742&#8243; wpex_bg_overlay_opacity=&#8221;0.7&#8243; css=&#8221;.vc_custom_1631780236576{background-image: url(https:\/\/energyport-rostock.de\/wp-content\/uploads\/2021\/09\/2021-09-14_RostockPort_HDRimg.jpg?id=121) !important;background-position: center !important;background-repeat: no-repeat !important;background-size: cover !important;}&#8221; min_height=&#8221;50vh&#8221; el_id=&#8221;first-section&#8221;][vc_column width=&#8221;1\/2&#8243; el_id=&#8221;HeadingMain&#8221;][\/vc_column][vc_column width=&#8221;1\/2&#8243; offset=&#8221;vc_col-lg-6 vc_col-md-12 vc_col-xs-12&#8243;][\/vc_column][\/vc_row][vc_row el_class=&#8221;set_padding5emTB&#8221;][vc_column width=&#8221;1\/2&#8243;][vc_column_text css=&#8221;&#8221;] Information pursuant to Sect. 5 German Telemedia Act (TMG) rostock EnergyPort cooperation GmbH Am K\u00fchlturm 1 18147 Rostock Commercial Register: HRB 15890 Registration court: Amtsgericht Rostock Represented by:&hellip;","og_url":"https:\/\/energyport-rostock.de\/en\/site-notice\/","og_site_name":"HyTechHafen Rostock","article_modified_time":"2025-05-21T13:47:37+00:00","twitter_card":"summary_large_image","twitter_misc":{"Est. reading time":"4 minutes"},"schema":{"@context":"https:\/\/schema.org","@graph":[{"@type":"WebPage","@id":"https:\/\/energyport-rostock.de\/en\/site-notice\/","url":"https:\/\/energyport-rostock.de\/en\/site-notice\/","name":"Site Notice - HyTechHafen Rostock","isPartOf":{"@id":"https:\/\/energyport-rostock.de\/#website"},"datePublished":"2021-10-20T13:57:13+00:00","dateModified":"2025-05-21T13:47:37+00:00","breadcrumb":{"@id":"https:\/\/energyport-rostock.de\/en\/site-notice\/#breadcrumb"},"inLanguage":"en-US","potentialAction":[{"@type":"ReadAction","target":["https:\/\/energyport-rostock.de\/en\/site-notice\/"]}]},{"@type":"BreadcrumbList","@id":"https:\/\/energyport-rostock.de\/en\/site-notice\/#breadcrumb","itemListElement":[{"@type":"ListItem","position":1,"name":"Home","item":"https:\/\/energyport-rostock.de\/en\/"},{"@type":"ListItem","position":2,"name":"Site Notice"}]},{"@type":"WebSite","@id":"https:\/\/energyport-rostock.de\/#website","url":"https:\/\/energyport-rostock.de\/","name":"HyTechHafen Rostock","description":"Eine weitere WordPress-Website","publisher":{"@id":"https:\/\/energyport-rostock.de\/#organization"},"potentialAction":[{"@type":"SearchAction","target":{"@type":"EntryPoint","urlTemplate":"https:\/\/energyport-rostock.de\/?s={search_term_string}"},"query-input":{"@type":"PropertyValueSpecification","valueRequired":true,"valueName":"search_term_string"}}],"inLanguage":"en-US"},{"@type":"Organization","@id":"https:\/\/energyport-rostock.de\/#organization","name":"HyTechHafen Rostock","url":"https:\/\/energyport-rostock.de\/","logo":{"@type":"ImageObject","inLanguage":"en-US","@id":"https:\/\/energyport-rostock.de\/#\/schema\/logo\/image\/","url":"https:\/\/energyport-rostock.de\/wp-content\/uploads\/2021\/09\/2021-09-20_RostockPort_Logo2-1.png","contentUrl":"https:\/\/energyport-rostock.de\/wp-content\/uploads\/2021\/09\/2021-09-20_RostockPort_Logo2-1.png","width":600,"height":330,"caption":"HyTechHafen Rostock"},"image":{"@id":"https:\/\/energyport-rostock.de\/#\/schema\/logo\/image\/"}}]}},"_links":{"self":[{"href":"https:\/\/energyport-rostock.de\/en\/wp-json\/wp\/v2\/pages\/421","targetHints":{"allow":["GET"]}}],"collection":[{"href":"https:\/\/energyport-rostock.de\/en\/wp-json\/wp\/v2\/pages"}],"about":[{"href":"https:\/\/energyport-rostock.de\/en\/wp-json\/wp\/v2\/types\/page"}],"author":[{"embeddable":true,"href":"https:\/\/energyport-rostock.de\/en\/wp-json\/wp\/v2\/users\/1"}],"replies":[{"embeddable":true,"href":"https:\/\/energyport-rostock.de\/en\/wp-json\/wp\/v2\/comments?post=421"}],"version-history":[{"count":10,"href":"https:\/\/energyport-rostock.de\/en\/wp-json\/wp\/v2\/pages\/421\/revisions"}],"predecessor-version":[{"id":1906,"href":"https:\/\/energyport-rostock.de\/en\/wp-json\/wp\/v2\/pages\/421\/revisions\/1906"}],"wp:attachment":[{"href":"https:\/\/energyport-rostock.de\/en\/wp-json\/wp\/v2\/media?parent=421"}],"curies":[{"name":"wp","href":"https:\/\/api.w.org\/{rel}","templated":true}]}}